









{"id":7,"date":"2021-03-31T07:01:08","date_gmt":"2021-03-31T07:01:08","guid":{"rendered":"https:\/\/www.fekoskan.coop\/?page_id=7"},"modified":"2026-04-08T22:32:44","modified_gmt":"2026-04-09T02:32:44","slug":"about-us","status":"publish","type":"page","link":"https:\/\/www.fekoskan.coop\/pap\/about-us\/","title":{"rendered":"Tokante nos"},"content":{"rendered":"<p><b>Fekoskan ta e federashon di kooperativa finansiero na K\u00f2rsou. Fekoskan\u00a0a kumins\u00e1 ofisialmente na aprel di 1961.\u00a0<\/b><span style=\"font-weight: 400;\">Di e momento ei padilanti, Fekoskan a fungi komo e \u00f3rgano representativo i di konsulta\nna nivel nashonal i internashonal pa desaroyo (sosioekon\u00f3miko, finansiero i kultural) di e\nkooperativanan finansiero na K\u00f2rsou.<\/span><\/p>\n<p>Fekoskan ta funshon\u00e1 komo un plataforma kaminda un i tur ku ta interes\u00e1 den union di kr\u00e9dito, ku ke <a href=\"https:\/\/www.fekoskan.coop\/federation\/credit-union-advantages\/\"><span style=\"color: #f9b100;\"><strong><em>bira miembro di un Union di Kr\u00e9dito<\/em><\/strong><\/span><\/a> \u00f2f ku ke sea si\u00f1a mas \u00f2f<span style=\"color: #157dc1;\"><a style=\"color: #157dc1;\" href=\"https:\/\/www.fekoskan.coop\/how-to-start-a-cooperative\/\"> <strong><em>start un kooperativa<\/em><\/strong><\/a><\/span> ,por ha\u00f1a otro.<\/p>\n<p>&nbsp;<\/p>\n<p>&nbsp;<\/p>","protected":false},"excerpt":{"rendered":"<p>Fekoskan is the\u00a0Federation of Financial Cooperatives in Curacao. Fekoskan\u00a0officially started in April 1961 and was founded by Curacao&#8217;s financial cooperatives [&hellip;]<\/p>\n","protected":false},"author":1,"featured_media":692,"parent":0,"menu_order":0,"comment_status":"closed","ping_status":"closed","template":"page-templates\/tpl-about-us.php","meta":{"_acf_changed":false,"footnotes":""},"class_list":["post-7","page","type-page","status-publish","has-post-thumbnail","hentry"],"acf":[],"yoast_head":"<!-- This site is optimized with the Yoast SEO plugin v27.5 - https:\/\/yoast.com\/product\/yoast-seo-wordpress\/ -->\n<title>About Us - Fekoskan - Federation of Financial Cooperatives<\/title>\n<meta name=\"description\" content=\"Fekoskan, the Federation of Financial Cooperatives in Curacao, officially started in April 1961 and was founded by the financial cooperatives of Curacao.\" \/>\n<meta name=\"robots\" content=\"index, follow, max-snippet:-1, max-image-preview:large, max-video-preview:-1\" \/>\n<link rel=\"canonical\" href=\"https:\/\/www.fekoskan.coop\/pap\/about-us\/\" \/>\n<meta property=\"og:locale\" content=\"en_US\" \/>\n<meta property=\"og:type\" content=\"article\" \/>\n<meta property=\"og:title\" content=\"About Us - Fekoskan - Federation of Financial Cooperatives\" \/>\n<meta property=\"og:description\" content=\"Fekoskan, the Federation of Financial Cooperatives in Curacao, officially started in April 1961 and was founded by the financial cooperatives of Curacao.\" \/>\n<meta property=\"og:url\" content=\"https:\/\/www.fekoskan.coop\/pap\/about-us\/\" \/>\n<meta property=\"og:site_name\" content=\"Fekoskan\" \/>\n<meta property=\"article:modified_time\" content=\"2026-04-09T02:32:44+00:00\" \/>\n<meta property=\"og:image\" content=\"https:\/\/www.fekoskan.coop\/wp-content\/uploads\/2021\/04\/dad-son-cooking-together-scaled.jpg\" \/>\n\t<meta property=\"og:image:width\" content=\"2560\" \/>\n\t<meta property=\"og:image:height\" content=\"1709\" \/>\n\t<meta property=\"og:image:type\" content=\"image\/jpeg\" \/>\n<meta name=\"twitter:card\" content=\"summary_large_image\" \/>\n<meta name=\"twitter:label1\" content=\"Est. reading time\" \/>\n\t<meta name=\"twitter:data1\" content=\"1 minute\" \/>\n<script type=\"application\/ld+json\" class=\"yoast-schema-graph\">{\"@context\":\"https:\\\/\\\/schema.org\",\"@graph\":[{\"@type\":\"WebPage\",\"@id\":\"https:\\\/\\\/www.fekoskan.coop\\\/about-us\\\/\",\"url\":\"https:\\\/\\\/www.fekoskan.coop\\\/about-us\\\/\",\"name\":\"About Us - Fekoskan - Federation of Financial Cooperatives\",\"isPartOf\":{\"@id\":\"https:\\\/\\\/www.fekoskan.coop\\\/#website\"},\"primaryImageOfPage\":{\"@id\":\"https:\\\/\\\/www.fekoskan.coop\\\/about-us\\\/#primaryimage\"},\"image\":{\"@id\":\"https:\\\/\\\/www.fekoskan.coop\\\/about-us\\\/#primaryimage\"},\"thumbnailUrl\":\"https:\\\/\\\/www.fekoskan.coop\\\/wp-content\\\/uploads\\\/2021\\\/04\\\/dad-son-cooking-together-scaled.jpg\",\"datePublished\":\"2021-03-31T07:01:08+00:00\",\"dateModified\":\"2026-04-09T02:32:44+00:00\",\"description\":\"Fekoskan, the Federation of Financial Cooperatives in Curacao, officially started in April 1961 and was founded by the financial cooperatives of Curacao.\",\"inLanguage\":\"pap-CW\",\"potentialAction\":[{\"@type\":\"ReadAction\",\"target\":[\"https:\\\/\\\/www.fekoskan.coop\\\/about-us\\\/\"]}]},{\"@type\":\"ImageObject\",\"inLanguage\":\"pap-CW\",\"@id\":\"https:\\\/\\\/www.fekoskan.coop\\\/about-us\\\/#primaryimage\",\"url\":\"https:\\\/\\\/www.fekoskan.coop\\\/wp-content\\\/uploads\\\/2021\\\/04\\\/dad-son-cooking-together-scaled.jpg\",\"contentUrl\":\"https:\\\/\\\/www.fekoskan.coop\\\/wp-content\\\/uploads\\\/2021\\\/04\\\/dad-son-cooking-together-scaled.jpg\",\"width\":2560,\"height\":1709,\"caption\":\"Dad and son cooking together\"},{\"@type\":\"WebSite\",\"@id\":\"https:\\\/\\\/www.fekoskan.coop\\\/#website\",\"url\":\"https:\\\/\\\/www.fekoskan.coop\\\/\",\"name\":\"Fekoskan\",\"description\":\"Federation of Credit Unions\",\"potentialAction\":[{\"@type\":\"SearchAction\",\"target\":{\"@type\":\"EntryPoint\",\"urlTemplate\":\"https:\\\/\\\/www.fekoskan.coop\\\/?s={search_term_string}\"},\"query-input\":{\"@type\":\"PropertyValueSpecification\",\"valueRequired\":true,\"valueName\":\"search_term_string\"}}],\"inLanguage\":\"pap-CW\"}]}<\/script>\n<!-- \/ Yoast SEO plugin. -->","yoast_head_json":{"title":"About Us - Fekoskan - Federation of Financial Cooperatives","description":"Fekoskan, the Federation of Financial Cooperatives in Curacao, officially started in April 1961 and was founded by the financial cooperatives of Curacao.","robots":{"index":"index","follow":"follow","max-snippet":"max-snippet:-1","max-image-preview":"max-image-preview:large","max-video-preview":"max-video-preview:-1"},"canonical":"https:\/\/www.fekoskan.coop\/pap\/about-us\/","og_locale":"en_US","og_type":"article","og_title":"About Us - Fekoskan - Federation of Financial Cooperatives","og_description":"Fekoskan, the Federation of Financial Cooperatives in Curacao, officially started in April 1961 and was founded by the financial cooperatives of Curacao.","og_url":"https:\/\/www.fekoskan.coop\/pap\/about-us\/","og_site_name":"Fekoskan","article_modified_time":"2026-04-09T02:32:44+00:00","og_image":[{"width":2560,"height":1709,"url":"https:\/\/www.fekoskan.coop\/wp-content\/uploads\/2021\/04\/dad-son-cooking-together-scaled.jpg","type":"image\/jpeg"}],"twitter_card":"summary_large_image","twitter_misc":{"Est. reading time":"1 minute"},"schema":{"@context":"https:\/\/schema.org","@graph":[{"@type":"WebPage","@id":"https:\/\/www.fekoskan.coop\/about-us\/","url":"https:\/\/www.fekoskan.coop\/about-us\/","name":"About Us - Fekoskan - Federation of Financial Cooperatives","isPartOf":{"@id":"https:\/\/www.fekoskan.coop\/#website"},"primaryImageOfPage":{"@id":"https:\/\/www.fekoskan.coop\/about-us\/#primaryimage"},"image":{"@id":"https:\/\/www.fekoskan.coop\/about-us\/#primaryimage"},"thumbnailUrl":"https:\/\/www.fekoskan.coop\/wp-content\/uploads\/2021\/04\/dad-son-cooking-together-scaled.jpg","datePublished":"2021-03-31T07:01:08+00:00","dateModified":"2026-04-09T02:32:44+00:00","description":"Fekoskan, the Federation of Financial Cooperatives in Curacao, officially started in April 1961 and was founded by the financial cooperatives of Curacao.","inLanguage":"pap-CW","potentialAction":[{"@type":"ReadAction","target":["https:\/\/www.fekoskan.coop\/about-us\/"]}]},{"@type":"ImageObject","inLanguage":"pap-CW","@id":"https:\/\/www.fekoskan.coop\/about-us\/#primaryimage","url":"https:\/\/www.fekoskan.coop\/wp-content\/uploads\/2021\/04\/dad-son-cooking-together-scaled.jpg","contentUrl":"https:\/\/www.fekoskan.coop\/wp-content\/uploads\/2021\/04\/dad-son-cooking-together-scaled.jpg","width":2560,"height":1709,"caption":"Dad and son cooking together"},{"@type":"WebSite","@id":"https:\/\/www.fekoskan.coop\/#website","url":"https:\/\/www.fekoskan.coop\/","name":"Fekoskan","description":"Federashon di Union di Kr\u00e9dito","potentialAction":[{"@type":"SearchAction","target":{"@type":"EntryPoint","urlTemplate":"https:\/\/www.fekoskan.coop\/?s={search_term_string}"},"query-input":{"@type":"PropertyValueSpecification","valueRequired":true,"valueName":"search_term_string"}}],"inLanguage":"pap-CW"}]}},"_links":{"self":[{"href":"https:\/\/www.fekoskan.coop\/pap\/wp-json\/wp\/v2\/pages\/7","targetHints":{"allow":["GET"]}}],"collection":[{"href":"https:\/\/www.fekoskan.coop\/pap\/wp-json\/wp\/v2\/pages"}],"about":[{"href":"https:\/\/www.fekoskan.coop\/pap\/wp-json\/wp\/v2\/types\/page"}],"author":[{"embeddable":true,"href":"https:\/\/www.fekoskan.coop\/pap\/wp-json\/wp\/v2\/users\/1"}],"replies":[{"embeddable":true,"href":"https:\/\/www.fekoskan.coop\/pap\/wp-json\/wp\/v2\/comments?post=7"}],"version-history":[{"count":133,"href":"https:\/\/www.fekoskan.coop\/pap\/wp-json\/wp\/v2\/pages\/7\/revisions"}],"predecessor-version":[{"id":1732,"href":"https:\/\/www.fekoskan.coop\/pap\/wp-json\/wp\/v2\/pages\/7\/revisions\/1732"}],"wp:featuredmedia":[{"embeddable":true,"href":"https:\/\/www.fekoskan.coop\/pap\/wp-json\/wp\/v2\/media\/692"}],"wp:attachment":[{"href":"https:\/\/www.fekoskan.coop\/pap\/wp-json\/wp\/v2\/media?parent=7"}],"curies":[{"name":"wp","href":"https:\/\/api.w.org\/{rel}","templated":true}]}}