









{"id":194,"date":"2021-04-07T11:50:11","date_gmt":"2021-04-07T11:50:11","guid":{"rendered":"https:\/\/www.fekoskan.coop\/?page_id=194"},"modified":"2022-07-19T16:12:34","modified_gmt":"2022-07-19T16:12:34","slug":"how-to-start-a-cooperative","status":"publish","type":"page","link":"https:\/\/www.fekoskan.coop\/pap\/how-to-start-a-cooperative\/","title":{"rendered":"Kon ta lanta un Kooperativa?"},"content":{"rendered":"<p><strong>Kada un kooperativa ta \u00faniko den e manera na kual e ta oper\u00e1. E pasonan deskrib\u00ed ta varia i mester keda konsider\u00e1 komo indikashon.<\/strong><\/p>\n<p><strong><br \/>\n<span style=\"color: #8ec35f;\">#1. <\/span><\/strong><span style=\"color: #8ec35f;\"><strong>Identifik\u00e1 e problema \u00f2f oportunidat, i e interes general ku e kooperativa por sirb\u00ed.<br \/>\n<\/strong><\/span><span style=\"font-weight: 400;\">Un grupo ta eksplor\u00e1 e nesesidat general ku ta eksist\u00ed pa sierto produkto \u00f2f servisio i ta identifik\u00e1 e benefisionan ku un kooperativa lo por ofres\u00e9. E prom\u00e9 grupo ak\u00ed ta aserk\u00e1 e komunidat en general pa ha\u00f1a un idea di kuantu interes ta biba pa un kooperativa asina, i yega na un definishon di e nesesidat komun. E grupo ta organis\u00e1 anochi di informashon pa e posibel sosionan i ta probech\u00e1 di e oportunidat ei pa reklut\u00e1 mas persona ku tin e kapasitashon i eksperensia nesesario pa lanta e kooperativa.<\/span><\/p>\n<p><strong><br \/>\n<span style=\"color: #8ec35f;\">#2. Lanta un steering committee i eksplor\u00e1 e opshon di un negoshi kooperativista mas a fondo.<\/span><\/strong><br \/>\n<span style=\"font-weight: 400;\">Si tin interes pa lanta un kooperativa, e grupo lo lanta un komishon pa sigui evalu\u00e1 e opshon ei, hasiendo un sondeo bou di e posibel sosionan pa determin\u00e1 kuantu interes tin i ki vol\u00famen di negoshi por spera. E komishon ta kaba di defin\u00ed e konsepto di e negoshi kooperativista, su mishon inisial, prop\u00f3sito i ophetivonan. E steering committee ta responsabel pa e parti finansiero, ta atend\u00e9 ku informashon konfidensial i dirig\u00ed toma di desishon. E komit\u00e9 ak\u00ed mester konsist\u00ed di hende konfiabel, ku tin sufisiente idea di negoshi, i ku lo laga interes di e grupo prevales\u00e9 riba nan interes personal. Pa hopi di e potensial sosionan di e kooperativa, ta kredibilidat di e miembronan di e steering committee ta determin\u00e1 si nan lo sosten\u00e9 e kooperativa \u00f2f n\u00f2.<\/span><\/p>\n<p><strong><br \/>\n<span style=\"color: #8ec35f;\">#3. Hasi un estudio di faktibilidat i evalu\u00e1 e resultadonan.<\/span><\/strong><br \/>\nE komit\u00e9 ta hasi un estudio di faktibilidat pa determin\u00e1 si e kooperativa ta un negoshi faktibel den pr\u00e1ktika. E estudio di faktibilidat lo wak si tin merkado pa e produkto- \u00f2f servisionan di e kooperativa nobo i si e lo por gener\u00e1 sufisiente entrada pa kubri e riesgo- i kostonan di e negoshi.<\/p>\n<p><strong><em>Un estudio di faktibilidat ta inklu\u00ed, entre otro:<\/em><\/strong><br \/>\n<span style=\"font-weight: 400;\">Desaroyo di e kooperativa. Kisas tin mester di asistensia eksterno pa esaki. Hopi bes, e komit\u00e9 ta enbolb\u00e9 un asesor (consultant) pa hasi e estudio di faktibilidat \u00f2f parti di dje. E asesor mester tin konosementu di e sektor empresarial en kuestion i e no mester tin ningun interes personal den resultado di e estudio. Na e altura ak\u00ed, lo ehekut\u00e1 e prom\u00e9 fase di un kampa\u00f1a pa atra\u00e9 sosio, pa asina por tin e kapital inisial pa paga pa e estudio di faktibilidat, e asesornan i demas gastunan enbolb\u00ed. Por tin otro fuente di finansiamentu disponibel pa e estudio, manera kooperativa eksistente, gobi\u00e8rnu, NGO, banko di desaroyo i entidat sin fin di lukro. E komit\u00e9 mester present\u00e1 e resultadonan di e estudio di faktibilidat na e sosionan \u00f2f partinan interes\u00e1, pa disid\u00ed si lo dal bai ku e proseso di lanta e kooperativa.<\/span><\/p>\n<p><span style=\"color: #8ec35f;\"><strong><br \/>\n#4. Lanta e kooperativa: Aprob\u00e1 e stat\u00fct.<\/strong><\/span><br \/>\n<span style=\"font-weight: 400;\">E komit\u00e9, den kalidat di direktiva interino, por formul\u00e1 e stat\u00fct, pero un notario ku konosementu di kooperativa lo mester revis\u2019\u00e9. Si despues ta dese\u00e1 di modifik\u00e1 e stat\u00fct, esei tambe mester sosod\u00e9 via notario. Fuera di esei, e Reunion General por stipul\u00e1 i adapt\u00e1 e reglamento interno di e kooperativa. Una bes ku e sosionan a lanta e kooperativa, esaki por habri un kuenta di banko pa e sosionan por deposit\u00e1 e pagonan di kapital i otro fondo.<\/span><\/p>","protected":false},"excerpt":{"rendered":"<p>Each new cooperative business (coop) situation is unique, and how the momentum, the people, and the money come together will [&hellip;]<\/p>\n","protected":false},"author":1,"featured_media":928,"parent":0,"menu_order":0,"comment_status":"closed","ping_status":"closed","template":"page-templates\/tpl-academy-sub.php","meta":{"_acf_changed":false,"footnotes":""},"class_list":["post-194","page","type-page","status-publish","has-post-thumbnail","hentry"],"acf":[],"yoast_head":"<!-- This site is optimized with the Yoast SEO plugin v27.4 - https:\/\/yoast.com\/product\/yoast-seo-wordpress\/ -->\n<title>How to start a cooperative? - Fekoskan<\/title>\n<meta name=\"robots\" content=\"index, follow, max-snippet:-1, max-image-preview:large, max-video-preview:-1\" \/>\n<link rel=\"canonical\" href=\"https:\/\/www.fekoskan.coop\/pap\/how-to-start-a-cooperative\/\" \/>\n<meta property=\"og:locale\" content=\"en_US\" \/>\n<meta property=\"og:type\" content=\"article\" \/>\n<meta property=\"og:title\" content=\"How to start a cooperative? - Fekoskan\" \/>\n<meta property=\"og:description\" content=\"Each new cooperative business (coop) situation is unique, and how the momentum, the people, and the money come together will [&hellip;]\" \/>\n<meta property=\"og:url\" content=\"https:\/\/www.fekoskan.coop\/pap\/how-to-start-a-cooperative\/\" \/>\n<meta property=\"og:site_name\" content=\"Fekoskan\" \/>\n<meta property=\"article:modified_time\" content=\"2022-07-19T16:12:34+00:00\" \/>\n<meta property=\"og:image\" content=\"https:\/\/www.fekoskan.coop\/wp-content\/uploads\/2021\/04\/light-table-pen-calculator-wooden-cubes-with-inscription-startup-defocus-scaled.jpg\" \/>\n\t<meta property=\"og:image:width\" content=\"2560\" \/>\n\t<meta property=\"og:image:height\" content=\"1069\" \/>\n\t<meta property=\"og:image:type\" content=\"image\/jpeg\" \/>\n<meta name=\"twitter:card\" content=\"summary_large_image\" \/>\n<meta name=\"twitter:label1\" content=\"Est. reading time\" \/>\n\t<meta name=\"twitter:data1\" content=\"3 minutes\" \/>\n<script type=\"application\/ld+json\" class=\"yoast-schema-graph\">{\"@context\":\"https:\\\/\\\/schema.org\",\"@graph\":[{\"@type\":\"WebPage\",\"@id\":\"https:\\\/\\\/www.fekoskan.coop\\\/how-to-start-a-cooperative\\\/\",\"url\":\"https:\\\/\\\/www.fekoskan.coop\\\/how-to-start-a-cooperative\\\/\",\"name\":\"How to start a cooperative? - Fekoskan\",\"isPartOf\":{\"@id\":\"https:\\\/\\\/www.fekoskan.coop\\\/#website\"},\"primaryImageOfPage\":{\"@id\":\"https:\\\/\\\/www.fekoskan.coop\\\/how-to-start-a-cooperative\\\/#primaryimage\"},\"image\":{\"@id\":\"https:\\\/\\\/www.fekoskan.coop\\\/how-to-start-a-cooperative\\\/#primaryimage\"},\"thumbnailUrl\":\"https:\\\/\\\/www.fekoskan.coop\\\/wp-content\\\/uploads\\\/2021\\\/04\\\/light-table-pen-calculator-wooden-cubes-with-inscription-startup-defocus-scaled.jpg\",\"datePublished\":\"2021-04-07T11:50:11+00:00\",\"dateModified\":\"2022-07-19T16:12:34+00:00\",\"inLanguage\":\"pap-CW\",\"potentialAction\":[{\"@type\":\"ReadAction\",\"target\":[\"https:\\\/\\\/www.fekoskan.coop\\\/how-to-start-a-cooperative\\\/\"]}]},{\"@type\":\"ImageObject\",\"inLanguage\":\"pap-CW\",\"@id\":\"https:\\\/\\\/www.fekoskan.coop\\\/how-to-start-a-cooperative\\\/#primaryimage\",\"url\":\"https:\\\/\\\/www.fekoskan.coop\\\/wp-content\\\/uploads\\\/2021\\\/04\\\/light-table-pen-calculator-wooden-cubes-with-inscription-startup-defocus-scaled.jpg\",\"contentUrl\":\"https:\\\/\\\/www.fekoskan.coop\\\/wp-content\\\/uploads\\\/2021\\\/04\\\/light-table-pen-calculator-wooden-cubes-with-inscription-startup-defocus-scaled.jpg\",\"width\":2560,\"height\":1069,\"caption\":\"On a light background, a pen, calculator and wooden cubes with the inscription STARTUP. Defocus\"},{\"@type\":\"WebSite\",\"@id\":\"https:\\\/\\\/www.fekoskan.coop\\\/#website\",\"url\":\"https:\\\/\\\/www.fekoskan.coop\\\/\",\"name\":\"Fekoskan\",\"description\":\"Federation of Credit Unions\",\"potentialAction\":[{\"@type\":\"SearchAction\",\"target\":{\"@type\":\"EntryPoint\",\"urlTemplate\":\"https:\\\/\\\/www.fekoskan.coop\\\/?s={search_term_string}\"},\"query-input\":{\"@type\":\"PropertyValueSpecification\",\"valueRequired\":true,\"valueName\":\"search_term_string\"}}],\"inLanguage\":\"pap-CW\"}]}<\/script>\n<!-- \/ Yoast SEO plugin. -->","yoast_head_json":{"title":"How to start a cooperative? - Fekoskan","robots":{"index":"index","follow":"follow","max-snippet":"max-snippet:-1","max-image-preview":"max-image-preview:large","max-video-preview":"max-video-preview:-1"},"canonical":"https:\/\/www.fekoskan.coop\/pap\/how-to-start-a-cooperative\/","og_locale":"en_US","og_type":"article","og_title":"How to start a cooperative? - Fekoskan","og_description":"Each new cooperative business (coop) situation is unique, and how the momentum, the people, and the money come together will [&hellip;]","og_url":"https:\/\/www.fekoskan.coop\/pap\/how-to-start-a-cooperative\/","og_site_name":"Fekoskan","article_modified_time":"2022-07-19T16:12:34+00:00","og_image":[{"width":2560,"height":1069,"url":"https:\/\/www.fekoskan.coop\/wp-content\/uploads\/2021\/04\/light-table-pen-calculator-wooden-cubes-with-inscription-startup-defocus-scaled.jpg","type":"image\/jpeg"}],"twitter_card":"summary_large_image","twitter_misc":{"Est. reading time":"3 minutes"},"schema":{"@context":"https:\/\/schema.org","@graph":[{"@type":"WebPage","@id":"https:\/\/www.fekoskan.coop\/how-to-start-a-cooperative\/","url":"https:\/\/www.fekoskan.coop\/how-to-start-a-cooperative\/","name":"How to start a cooperative? - Fekoskan","isPartOf":{"@id":"https:\/\/www.fekoskan.coop\/#website"},"primaryImageOfPage":{"@id":"https:\/\/www.fekoskan.coop\/how-to-start-a-cooperative\/#primaryimage"},"image":{"@id":"https:\/\/www.fekoskan.coop\/how-to-start-a-cooperative\/#primaryimage"},"thumbnailUrl":"https:\/\/www.fekoskan.coop\/wp-content\/uploads\/2021\/04\/light-table-pen-calculator-wooden-cubes-with-inscription-startup-defocus-scaled.jpg","datePublished":"2021-04-07T11:50:11+00:00","dateModified":"2022-07-19T16:12:34+00:00","inLanguage":"pap-CW","potentialAction":[{"@type":"ReadAction","target":["https:\/\/www.fekoskan.coop\/how-to-start-a-cooperative\/"]}]},{"@type":"ImageObject","inLanguage":"pap-CW","@id":"https:\/\/www.fekoskan.coop\/how-to-start-a-cooperative\/#primaryimage","url":"https:\/\/www.fekoskan.coop\/wp-content\/uploads\/2021\/04\/light-table-pen-calculator-wooden-cubes-with-inscription-startup-defocus-scaled.jpg","contentUrl":"https:\/\/www.fekoskan.coop\/wp-content\/uploads\/2021\/04\/light-table-pen-calculator-wooden-cubes-with-inscription-startup-defocus-scaled.jpg","width":2560,"height":1069,"caption":"On a light background, a pen, calculator and wooden cubes with the inscription STARTUP. Defocus"},{"@type":"WebSite","@id":"https:\/\/www.fekoskan.coop\/#website","url":"https:\/\/www.fekoskan.coop\/","name":"Fekoskan","description":"Federashon di Union di Kr\u00e9dito","potentialAction":[{"@type":"SearchAction","target":{"@type":"EntryPoint","urlTemplate":"https:\/\/www.fekoskan.coop\/?s={search_term_string}"},"query-input":{"@type":"PropertyValueSpecification","valueRequired":true,"valueName":"search_term_string"}}],"inLanguage":"pap-CW"}]}},"_links":{"self":[{"href":"https:\/\/www.fekoskan.coop\/pap\/wp-json\/wp\/v2\/pages\/194","targetHints":{"allow":["GET"]}}],"collection":[{"href":"https:\/\/www.fekoskan.coop\/pap\/wp-json\/wp\/v2\/pages"}],"about":[{"href":"https:\/\/www.fekoskan.coop\/pap\/wp-json\/wp\/v2\/types\/page"}],"author":[{"embeddable":true,"href":"https:\/\/www.fekoskan.coop\/pap\/wp-json\/wp\/v2\/users\/1"}],"replies":[{"embeddable":true,"href":"https:\/\/www.fekoskan.coop\/pap\/wp-json\/wp\/v2\/comments?post=194"}],"version-history":[{"count":46,"href":"https:\/\/www.fekoskan.coop\/pap\/wp-json\/wp\/v2\/pages\/194\/revisions"}],"predecessor-version":[{"id":1634,"href":"https:\/\/www.fekoskan.coop\/pap\/wp-json\/wp\/v2\/pages\/194\/revisions\/1634"}],"wp:featuredmedia":[{"embeddable":true,"href":"https:\/\/www.fekoskan.coop\/pap\/wp-json\/wp\/v2\/media\/928"}],"wp:attachment":[{"href":"https:\/\/www.fekoskan.coop\/pap\/wp-json\/wp\/v2\/media?parent=194"}],"curies":[{"name":"wp","href":"https:\/\/api.w.org\/{rel}","templated":true}]}}